{"id":1372,"date":"2022-06-28T07:26:28","date_gmt":"2022-06-28T07:26:28","guid":{"rendered":"https:\/\/einapsicolegs.es\/?page_id=1372"},"modified":"2022-06-28T07:39:42","modified_gmt":"2022-06-28T07:39:42","slug":"politica-de-privacidad","status":"publish","type":"page","link":"https:\/\/einapsicolegs.es\/es\/politica-de-privacidad\/","title":{"rendered":"Pol\u00edtica de Privacidad"},"content":{"rendered":"<p>[et_pb_section fb_built=\u00bb1&#8243; admin_label=\u00bbsection\u00bb _builder_version=\u00bb4.15&#8243; global_colors_info=\u00bb{}\u00bb][et_pb_row admin_label=\u00bbrow\u00bb _builder_version=\u00bb4.15&#8243; background_size=\u00bbinitial\u00bb background_position=\u00bbtop_left\u00bb background_repeat=\u00bbrepeat\u00bb global_colors_info=\u00bb{}\u00bb][et_pb_column type=\u00bb4_4&#8243; _builder_version=\u00bb4.15&#8243; custom_padding=\u00bb|||\u00bb global_colors_info=\u00bb{}\u00bb custom_padding__hover=\u00bb|||\u00bb][et_pb_text _builder_version=\u00bb4.15.1&#8243; _module_preset=\u00bbdefault\u00bb global_colors_info=\u00bb{}\u00bb]<\/p>\n<h2>Pol\u00edtica de Privacidad<\/h2>\n<h3>\u00a0<\/h3>\n<h3><\/h3>\n<h4>\u00bfCON QU\u00c9 FINALIDAD TRATAR\u00c1 EINA LOS DATOS PERSONALES DEL USUARIO Y DURANTE CU\u00c1NTO TIEMPO?<\/h4>\n<h4><\/h4>\n<p>Los datos personales facilitados a trav\u00e9s del Sitio Web ser\u00e1n tratados por EINA conforme a las siguientes finalidades:<br \/>Dar respuesta a peticiones, solicitudes o consultas del Usuario, cuando este facilite sus datos a trav\u00e9s del formulario \u201cContacto\u201d. Los datos del Usuario ser\u00e1n conservados con ese fin hasta que \u00e9ste se oponga o revoque su consentimiento.<br \/>Evaluar la candidatura en los procesos de selecci\u00f3n de personal, cuando el Usuario remita su Curr\u00edculum V\u00edtae a trav\u00e9s del formulario \u201cTrabaja con nosotros\u201d. Los datos del Usuario ser\u00e1n conservados con ese fin hasta que \u00e9ste se oponga o revoque su consentimiento.<\/p>\n<p>&nbsp;<\/p>\n<h4>\u00bfQU\u00c9 DATOS DEL USUARIO TRATAR\u00c1 EINA ?<\/h4>\n<p>EINA tratar\u00e1 las siguientes categor\u00edas de datos del Usuario:<br \/>Datos identificativos<br \/>Datos de contacto<br \/>Datos de detalles de empleo.<br \/>Datos acad\u00e9micos y profesionales.<\/p>\n<p>&nbsp;<\/p>\n<h4>\u00bfCU\u00c1L ES LA LEGITIMACI\u00d3N DEL TRATAMIENTO DE LOS DATOS DEL USUARIO?<\/h4>\n<p>El tratamiento de los datos del Usuario por parte de EINA est\u00e1 basado en el consentimiento que se le solicita y que puede retirar en cualquier momento. No obstante, en caso de retirar su consentimiento, ello no afectar\u00e1 a la licitud de los tratamientos efectuados con anterioridad.<br \/>Los consentimientos obtenidos para las finalidades mencionadas son independientes por lo que el Usuario podr\u00e1 revocar solo uno de ellos no afectando a los dem\u00e1s.<\/p>\n<p>&nbsp;<\/p>\n<h4>\u00bfA QU\u00c9 DESTINATARIOS SE COMUNICAR\u00c1N LOS DATOS DEL USUARIO?<\/h4>\n<p>Los datos no ser\u00e1n comunicados a terceros salvo en los casos en que exista una obligaci\u00f3n legal o sea necesario para cumplir con la finalidad del tratamiento.<\/p>\n<p>&nbsp;<\/p>\n<h4>RESPONSABILIDAD DEL USUARIO<\/h4>\n<p>El Usuario:<br \/>Garantiza que los datos que facilita a EINA son verdaderos, exactos, completos y actualizados. A estos efectos, el Usuario responde de la veracidad de todos los datos que comunique y mantendr\u00e1 convenientemente actualizada la informaci\u00f3n facilitada, de tal forma que responda a su situaci\u00f3n real.<\/p>\n<p>Ser\u00e1 responsable de las informaciones falsas o inexactas que proporcione a trav\u00e9s del Sitio Web y de los da\u00f1os y perjuicios, directos o indirectos, que ello cause a EINA o a terceros.<\/p>\n<p>&nbsp;<\/p>\n<h4>EJERCICIO DE DERECHOS<\/h4>\n<p>El Usuario puede enviar un escrito a EINA con la Referencia \u201cProtecci\u00f3n de Datos\u201d a la direcci\u00f3n de correo electr\u00f3nico info@einapsicolegs.es, adjuntando fotocopia de su documento de identidad, en cualquier momento y de manera gratuita, para:<br \/>Revocar los consentimientos otorgados.<br \/>Acceso. Puede solicitar el acceso a la informaci\u00f3n personal que conservamos sobre usted.<br \/>Rectificaci\u00f3n. Puede solicitar que corrijamos, modifiquemos o suprimamos cualquier informaci\u00f3n incompleta, desactualizada o inexacta.<br \/>Supresi\u00f3n. Puede solicitar la supresi\u00f3n de su informaci\u00f3n personal, cuando, entre otros motivos, los datos ya no sean necesarios para los fines que fueron recogidos.<br \/>Oposici\u00f3n. Tambi\u00e9n puede oponerse al tratamiento de su informaci\u00f3n personal basados en inter\u00e9s leg\u00edtimo.<br \/>Limitaci\u00f3n del tratamiento. Obtener de EINA la limitaci\u00f3n del tratamiento de los datos cuando se cumpla alguna de las condiciones previstas en la normativa de protecci\u00f3n de datos.<br \/>Portabilidad de sus datos. Derecho a que le entreguen sus datos para que pueda trasmitirlos a otro responsable.<br \/>Reclamaci\u00f3n. Tambi\u00e9n tiene derecho a poner una reclamaci\u00f3n ante la Agencia Espa\u00f1ola de Protecci\u00f3n de Datos (http:\/\/www.agpd.es), cuando el interesado considere que EINA ha vulnerado los derechos que le son reconocidos por la normativa aplicable en protecci\u00f3n de datos.<\/p>\n<p>&nbsp;<\/p>\n<h4>MEDIDAS DE SEGURIDAD<\/h4>\n<p>EINA tratar\u00e1 los datos del Usuario en todo momento de forma absolutamente confidencial y guardando el preceptivo deber de secreto respecto de los mismos, de conformidad con lo previsto en la normativa de aplicaci\u00f3n, adoptando al efecto las medidas de \u00edndole t\u00e9cnica y organizativas necesarias que garanticen la seguridad de sus datos y eviten su alteraci\u00f3n, p\u00e9rdida, tratamiento o acceso no autorizado, habida cuenta del estado de la tecnolog\u00eda, la naturaleza de los datos almacenados y los riesgos a que est\u00e1n expuestos.<\/p>\n<p>[\/et_pb_text][\/et_pb_column][\/et_pb_row][\/et_pb_section]<\/p>\n","protected":false},"excerpt":{"rendered":"<p>Pol\u00edtica de Privacidad \u00a0 \u00bfCON QU\u00c9 FINALIDAD TRATAR\u00c1 EINA LOS DATOS PERSONALES DEL USUARIO Y DURANTE CU\u00c1NTO TIEMPO? Los datos personales facilitados a trav\u00e9s del Sitio Web ser\u00e1n tratados por EINA conforme a las siguientes finalidades:Dar respuesta a peticiones, solicitudes o consultas del Usuario, cuando este facilite sus datos a trav\u00e9s del formulario \u201cContacto\u201d. Los [&hellip;]<\/p>\n","protected":false},"author":1,"featured_media":0,"parent":0,"menu_order":0,"comment_status":"closed","ping_status":"closed","template":"","meta":{"_et_pb_use_builder":"on","_et_pb_old_content":"","_et_gb_content_width":"","_joinchat":[],"footnotes":""},"class_list":["post-1372","page","type-page","status-publish","hentry"],"_links":{"self":[{"href":"https:\/\/einapsicolegs.es\/es\/wp-json\/wp\/v2\/pages\/1372","targetHints":{"allow":["GET"]}}],"collection":[{"href":"https:\/\/einapsicolegs.es\/es\/wp-json\/wp\/v2\/pages"}],"about":[{"href":"https:\/\/einapsicolegs.es\/es\/wp-json\/wp\/v2\/types\/page"}],"author":[{"embeddable":true,"href":"https:\/\/einapsicolegs.es\/es\/wp-json\/wp\/v2\/users\/1"}],"replies":[{"embeddable":true,"href":"https:\/\/einapsicolegs.es\/es\/wp-json\/wp\/v2\/comments?post=1372"}],"version-history":[{"count":6,"href":"https:\/\/einapsicolegs.es\/es\/wp-json\/wp\/v2\/pages\/1372\/revisions"}],"predecessor-version":[{"id":1383,"href":"https:\/\/einapsicolegs.es\/es\/wp-json\/wp\/v2\/pages\/1372\/revisions\/1383"}],"wp:attachment":[{"href":"https:\/\/einapsicolegs.es\/es\/wp-json\/wp\/v2\/media?parent=1372"}],"curies":[{"name":"wp","href":"https:\/\/api.w.org\/{rel}","templated":true}]}}