{"id":176,"date":"2022-03-24T10:49:35","date_gmt":"2022-03-24T10:49:35","guid":{"rendered":"https:\/\/einapsicolegs.es\/?page_id=176"},"modified":"2022-03-24T10:57:45","modified_gmt":"2022-03-24T10:57:45","slug":"politica-de-cookies","status":"publish","type":"page","link":"https:\/\/einapsicolegs.es\/es\/politica-de-cookies\/","title":{"rendered":"Pol\u00edtica de Cookies"},"content":{"rendered":"<p>[et_pb_section fb_built=\u00bb1&#8243; admin_label=\u00bbsection\u00bb _builder_version=\u00bb4.15&#8243; global_colors_info=\u00bb{}\u00bb][et_pb_row admin_label=\u00bbrow\u00bb _builder_version=\u00bb4.15&#8243; background_size=\u00bbinitial\u00bb background_position=\u00bbtop_left\u00bb background_repeat=\u00bbrepeat\u00bb global_colors_info=\u00bb{}\u00bb][et_pb_column type=\u00bb4_4&#8243; _builder_version=\u00bb4.15&#8243; custom_padding=\u00bb|||\u00bb global_colors_info=\u00bb{}\u00bb custom_padding__hover=\u00bb|||\u00bb][et_pb_text _builder_version=\u00bb4.15.1&#8243; _module_preset=\u00bbdefault\u00bb global_colors_info=\u00bb{}\u00bb]<\/p>\n<h2>Pol\u00edtica de Cookies<\/h2>\n<h3>\u00a0<\/h3>\n<h3>\u00bfQu\u00e9 son las cookies?<\/h3>\n<p>Una cookie es un archivo o dispositivo que se descarga en el equipo terminal de un usuario con el fin de almacenar datos que podr\u00e1n ser actualizados y recuperados por la entidad responsable de su instalaci\u00f3n. Es decir, es un archivo que se descarga en su ordenador al acceder a determinadas p\u00e1ginas web. Las cookies permiten a una p\u00e1gina web, entre otras cosas, almacenar y recuperar informaci\u00f3n sobre los h\u00e1bitos de navegaci\u00f3n de un usuario o de su equipo y, dependiendo de la informaci\u00f3n que contengan y de la forma en que utilice su equipo, se pueden utilizar para reconocer al usuario.<\/p>\n<p>Sus principales funciones son:<\/p>\n<p>Llevar el control de usuarios: cuando un usuario introduce su nombre de usuario y contrase\u00f1a, se almacena una cookie para que no tenga que estar introduci\u00e9ndolas para cada p\u00e1gina del servidor. Sin embargo, una cookie no identifica s\u00f3lo a una persona, sino a una combinaci\u00f3n de computador-navegador-usuario.<br \/>Conseguir informaci\u00f3n sobre los h\u00e1bitos de navegaci\u00f3n del usuario, e intentos de spyware (programas esp\u00eda), por parte de agencias de publicidad y otros. Esto puede causar problemas de privacidad y es una de las razones por la que las cookies tienen sus detractores.<br \/>Existen diferentes tipos de cookies en funci\u00f3n, sobre todo, de la finalidad para la que son utilizadas, as\u00ed se distinguen, entre otras las siguientes:<\/p>\n<p>Cookies de an\u00e1lisis: estas cookies se utilizan para llevar a cabo un an\u00e1lisis de los comportamientos y acciones de los usuarios de la p\u00e1gina web as\u00ed como para la elaboraci\u00f3n de perfiles de navegaci\u00f3n con el fin de realizar mejoras t\u00e9cnicas de funcionamiento y de servicio.<\/p>\n<p>Cookies publicitarias: permiten una gesti\u00f3n eficiente de espacios publicitarios en base a una serie de criterios, por ejemplo, verificar si el usuario ha tenido ya acceso o no a una noticia para proceder a actualizarse con otra nueva.<\/p>\n<p>Cookies de publicidad comportamental: estas cookies se encargan de almacenar informaci\u00f3n del propio comportamiento de los usuarios centr\u00e1ndose en sus h\u00e1bitos de navegaci\u00f3n. Esto permite establecer perfiles de usuario en funci\u00f3n de su comportamiento y utilizarlos para personalizar la publicidad presentada.<\/p>\n<p>Si el usuario desea obtener m\u00e1s informaci\u00f3n sobre las cookies puede consultar el siguiente sitio web http:\/\/www.aboutcookies.org\/.<\/p>\n<h3>\u00bfQu\u00e9 tipo de cookies utiliza esta p\u00e1gina web?<\/h3>\n<p>La presente p\u00e1gina web est\u00e1 utilizando cookies que permiten facilitar al usuario el uso y la navegaci\u00f3n a trav\u00e9s de la misma, garantizar el acceso a determinados servicios, as\u00ed como mejorar la configuraci\u00f3n funcional de la web.<\/p>\n<h3>C\u00f3mo gestionar la configuraci\u00f3n de las cookies?<\/h3>\n<p>En el presente apartado se lleva a cabo una breve exposici\u00f3n de c\u00f3mo consultar y llevar a cabo la configuraci\u00f3n del sistema de cookies en relaci\u00f3n a los navegadores m\u00e1s comunes o m\u00e1s utilizados por los usuarios<\/p>\n<p>En este sentido, pr\u00e1cticamente todos los navegadores permiten al usuario obtener informaci\u00f3n general sobre las cookies instaladas en una p\u00e1gina web, concretamente verificar la existencia de las mismas, su duraci\u00f3n o el sistema de eliminaci\u00f3n. En este sentido, a t\u00edtulo informativo, se facilitan una serie de enlaces relacionados:<\/p>\n<p>Google Chrome<br \/>Mozilla Firefox<br \/>Internet Explorer<\/p>\n<p>Por otra parte, el usuario podr\u00e1 permitir, bloquear o eliminar las cookies instaladas en su equipo modificando la configuraci\u00f3n de su navegador de acuerdo con las instrucciones indicadas en el mismo. A t\u00edtulo informativo indica que habitualmente la configuraci\u00f3n de las cookies se suele llevar a cabo en el men\u00fa \u00abPreferencias\u00bb o \u00abHerramientas\u00bb de cada navegador, en cualquier caso, siempre podr\u00e1 acudir a la ayuda de su navegador para solucionar o resolver las dudas que se le generen al respecto.<\/p>\n<p>Conviene tener en cuenta que, si se impide la instalaci\u00f3n de todas las cookies, el contenido de la web as\u00ed como determinadas funcionalidades y servicios facilitados por la misma se pueden ver afectados.<\/p>\n<p>[\/et_pb_text][\/et_pb_column][\/et_pb_row][\/et_pb_section]<\/p>\n","protected":false},"excerpt":{"rendered":"<p>Pol\u00edtica de Cookies \u00a0 \u00bfQu\u00e9 son las cookies? Una cookie es un archivo o dispositivo que se descarga en el equipo terminal de un usuario con el fin de almacenar datos que podr\u00e1n ser actualizados y recuperados por la entidad responsable de su instalaci\u00f3n. Es decir, es un archivo que se descarga en su ordenador [&hellip;]<\/p>\n","protected":false},"author":1,"featured_media":0,"parent":0,"menu_order":0,"comment_status":"closed","ping_status":"closed","template":"","meta":{"_et_pb_use_builder":"on","_et_pb_old_content":"","_et_gb_content_width":"","_joinchat":[],"footnotes":""},"class_list":["post-176","page","type-page","status-publish","hentry"],"_links":{"self":[{"href":"https:\/\/einapsicolegs.es\/es\/wp-json\/wp\/v2\/pages\/176","targetHints":{"allow":["GET"]}}],"collection":[{"href":"https:\/\/einapsicolegs.es\/es\/wp-json\/wp\/v2\/pages"}],"about":[{"href":"https:\/\/einapsicolegs.es\/es\/wp-json\/wp\/v2\/types\/page"}],"author":[{"embeddable":true,"href":"https:\/\/einapsicolegs.es\/es\/wp-json\/wp\/v2\/users\/1"}],"replies":[{"embeddable":true,"href":"https:\/\/einapsicolegs.es\/es\/wp-json\/wp\/v2\/comments?post=176"}],"version-history":[{"count":6,"href":"https:\/\/einapsicolegs.es\/es\/wp-json\/wp\/v2\/pages\/176\/revisions"}],"predecessor-version":[{"id":191,"href":"https:\/\/einapsicolegs.es\/es\/wp-json\/wp\/v2\/pages\/176\/revisions\/191"}],"wp:attachment":[{"href":"https:\/\/einapsicolegs.es\/es\/wp-json\/wp\/v2\/media?parent=176"}],"curies":[{"name":"wp","href":"https:\/\/api.w.org\/{rel}","templated":true}]}}